{"id":24240,"date":"2019-03-02T12:46:42","date_gmt":"2019-03-02T16:46:42","guid":{"rendered":"https:\/\/www.ianjohnsonphoto.com\/blog\/?page_id=24240"},"modified":"2020-06-24T04:20:35","modified_gmt":"2020-06-24T08:20:35","slug":"hogberga-gard-brollop-2","status":"publish","type":"page","link":"https:\/\/www.ianjohnsonphoto.com\/blog\/hogberga-gard-brollop-2\/","title":{"rendered":"h\u00f6gberga g\u00e5rd br\u00f6llop"},"content":{"rendered":"<p>[et_pb_section fb_built=&#8221;1&#8243; _builder_version=&#8221;3.19.4&#8243; custom_padding=&#8221;3px|0px|6px|0px|false|false&#8221;][et_pb_row custom_padding=&#8221;27px|0px|8px|0px|false|false&#8221; _builder_version=&#8221;3.19.4&#8243;][et_pb_column type=&#8221;4_4&#8243; _builder_version=&#8221;3.19.4&#8243; parallax=&#8221;off&#8221; parallax_method=&#8221;on&#8221;][et_pb_text _builder_version=&#8221;3.19.4&#8243;]<\/p>\n<h1 style=\"text-align: center;\">H\u00f6gberga G\u00e5rd Br\u00f6llop\u00a0<\/h1>\n<p>[\/et_pb_text][\/et_pb_column][\/et_pb_row][\/et_pb_section][et_pb_section fb_built=&#8221;1&#8243; _builder_version=&#8221;3.19.4&#8243; custom_padding=&#8221;0|0|0|0px|false|false&#8221;][et_pb_row custom_padding=&#8221;0|0px|0|0px|false|false&#8221; _builder_version=&#8221;3.19.4&#8243;][et_pb_column type=&#8221;4_4&#8243; _builder_version=&#8221;3.19.4&#8243; parallax=&#8221;off&#8221; parallax_method=&#8221;on&#8221;][et_pb_code _builder_version=&#8221;3.19.4&#8243;]<!-- The Grid Plugin Version 2.6.70 --><!-- The Grid Wrapper Start --><div class=\"tg-grid-wrapper tg-txt\" id=\"grid-24224\" data-version=\"2.6.70\"><!-- The Grid Styles --><style class=\"tg-grid-styles\" type=\"text\/css\" scoped>#grid-24224 .tg-nav-color:not(.dots):not(.tg-dropdown-value):not(.tg-dropdown-title):hover,#grid-24224 .tg-nav-color:hover .tg-nav-color,#grid-24224 .tg-page-number.tg-page-current,#grid-24224 .tg-filter.tg-filter-active span{color:#9ae5d3}#grid-24224 .tg-filter:before,#grid-24224 .tg-filter.tg-filter-active:before{color:#999999}#grid-24224 .tg-dropdown-holder,#grid-24224 .tg-search-inner,#grid-24224 .tg-sorter-order{border:1px solid #DDDDDD}#grid-24224 .tg-search-clear,#grid-24224 .tg-search-clear:hover{border:none;border-left:1px solid #DDDDDD}.tg-txt .tg-nav-font,.tg-txt input[type=text].tg-search{font-size:14px;font-weight:600}.tg-txt .tg-search::-webkit-input-placeholder{font-size:14px}.tg-txt .tg-search::-moz-placeholder{font-size:14px}.tg-txt .tg-search:-ms-input-placeholder{font-size:14px}.tg-txt .tg-icon-left-arrow:before{content:\"\\e604\";font-size:32px;font-weight:100}.tg-txt .tg-icon-right-arrow:before{content:\"\\e602\";font-size:32px;font-weight:100}.tg-txt .tg-icon-dropdown-open:before,.tg-txt .tg-icon-sorter-down:before{content:\"\\e60a\"}.tg-txt .tg-icon-sorter-up:before{content:\"\\e609\"}.tg-txt .tg-search-clear:before{content:\"\\e611\";font-weight:300}.tg-txt .tg-search-icon:before{content:\"\\e62e\";font-size:16px;font-weight:600}#grid-24224 .tg-nav-color,#grid-24224 .tg-search-icon:hover:before,#grid-24224 .tg-search-icon:hover input,#grid-24224 .tg-disabled:hover .tg-icon-left-arrow,#grid-24224 .tg-disabled:hover .tg-icon-right-arrow,#grid-24224 .tg-dropdown-title.tg-nav-color:hover{color:#999999}#grid-24224 input.tg-search:hover{color:#999999 !important}#grid-24224 input.tg-search::-webkit-input-placeholder{color:#999999}#grid-24224 input.tg-search::-moz-placeholder{color:#999999;opacity:1}#grid-24224 input.tg-search:-ms-input-placeholder{color:#999999}.grid-24224 .tg-dropdown-item{color:#777777;background:#ffffff}.grid-24224 .tg-filter-active,.grid-24224 .tg-dropdown-item:hover{color:#444444;background:#f5f6fa}#grid-24224 .tg-left-arrow i,#grid-24224 .tg-right-arrow i{background:rgba(255,255,255,0.53);color:#000000}#grid-24224 .tg-slider-bullets li.tg-active-item span{background:#59585b}#grid-24224 .tg-slider-bullets li span{background:#DDDDDD}.alofi a,.alofi a:active,.alofi a:focus,.alofi .tg-item-overlay{text-decoration:none;border:none;-webkit-box-shadow:none;box-shadow:none;-webkit-transition:opacity 0.25s ease,color 0.25s ease,-webkit-transform 0.3s ease-in-out;-moz-transition:opacity 0.25s ease,color 0.25s ease,-moz-transform 0.3s ease-in-out;-ms-transition:opacity 0.25s ease,color 0.25s ease,-ms-transform 0.3s ease-in-out;-o-transition:opacity 0.25s ease,color 0.25s ease,-o-transform 0.3s ease-in-out;transition:opacity 0.25s ease,color 0.25s ease,transform 0.3s ease-in-out}.alofi .tg-item-link{position:absolute;display:block;top:0;left:0;right:0;bottom:0}.tg-item .tg-dark div,.tg-item .tg-dark h1,.tg-item .tg-dark h1 a,.tg-item .tg-dark h2,.tg-item .tg-dark h2 a,.tg-item .tg-dark h3,.tg-item .tg-dark h3 a,.tg-item .tg-dark h4,.tg-item .tg-dark h4 a,.tg-item .tg-dark h5,.tg-item .tg-dark h5 a,.tg-item .tg-dark h6,.tg-item .tg-dark h6 a,.tg-item .tg-dark a,.tg-item .tg-dark a.tg-link-url,.tg-item .tg-dark i,.tg-item .tg-dark .tg-media-button,.tg-item .tg-dark .tg-item-price span{color:#444444;fill:#444444;stroke:#444444;border-color:#444444}.tg-item .tg-dark p,.tg-item .tg-dark ol,.tg-item .tg-dark ul,.tg-item .tg-dark li{color:#777777;fill:#777777;stroke:#777777;border-color:#777777}.tg-item .tg-dark span,.tg-item .tg-dark .no-liked .to-heart-icon path,.tg-item .tg-dark .empty-heart .to-heart-icon path,.tg-item .tg-dark .tg-item-comment i,.tg-item .tg-dark .tg-item-price del span{color:#999999;fill:#999999;stroke:#999999;border-color:#999999}.tg-item .tg-light div,.tg-item .tg-light h1,.tg-item .tg-light h1 a,.tg-item .tg-light h2,.tg-item .tg-light h2 a,.tg-item .tg-light h3,.tg-item .tg-light h3 a,.tg-item .tg-light h4,.tg-item .tg-light h4 a,.tg-item .tg-light h5,.tg-item .tg-light h5 a,.tg-item .tg-light h6,.tg-item .tg-light h6 a,.tg-item .tg-light a,.tg-item .tg-light a.tg-link-url,.tg-item .tg-light i,.tg-item .tg-light .tg-media-button,.tg-item .tg-light .tg-item-price span{color:#ffffff;fill:#ffffff;stroke:#ffffff;border-color:#ffffff}.tg-item .tg-light p,.tg-item .tg-light ol,.tg-item .tg-light ul,.tg-item .tg-light li{color:#f5f5f5;fill:#f5f5f5;stroke:#f5f5f5;border-color:#f5f5f5}.tg-item .tg-light span,.tg-item .tg-light .no-liked .to-heart-icon path,.tg-item .tg-light .empty-heart .to-heart-icon path,.tg-item .tg-light .tg-item-comment i,.tg-item .tg-light .tg-item-price del span{color:#f6f6f6;fill:#f6f6f6;stroke:#f6f6f6;border-color:#f6f6f6}#grid-24224 .tg-item-content-holder{background-color:#ffffff}#grid-24224 .tg-item-overlay{background-color:rgba(22,22,22,0.65)}<\/style><!-- The Grid Item Sizer --><div class=\"tg-grid-sizer\"><\/div><!-- The Grid Gutter Sizer --><div class=\"tg-gutter-sizer\"><\/div><!-- The Grid Slider Wrapper Start --><div class=\"tg-grid-slider\"><!-- The Grid Items Holder --><div class=\"tg-grid-holder tg-layout-justified\"  data-name=\"Hogbega Gard 24224\"  data-style=\"justified\" data-row=\"1\" data-layout=\"horizontal\" data-rtl=\"\" data-fitrows=\"\" data-filtercomb=\"\" data-filterlogic=\"AND\" data-filterload =\"\" data-sortbyload =\"\" data-orderload =\"false\" data-fullwidth=\"\" data-fullheight=\"null\" data-gutters=\"[[320,5],[480,5],[768,5],[980,5],[1200,5],[9999,5]]\" data-slider='{\"itemNav\":\"null\",\"swingSpeed\":0.2,\"cycleBy\":\"pages\",\"cycle\":3950,\"startAt\":1}' data-ratio=\"1.00\" data-cols=\"[[320,1],[480,2],[768,3],[980,4],[1200,5],[9999,6]]\" data-rows=\"[[320,200],[480,200],[768,220],[980,300],[1200,550],[9999,650]]\" data-animation='{&quot;name&quot;:&quot;Fade in&quot;,&quot;visible&quot;:&quot;&quot;,&quot;hidden&quot;:&quot;&quot;}' data-transition=\"700ms\" data-ajaxmethod=\"\" data-ajaxdelay=\"100\" data-preloader=\"\" data-itemdelay=\"100\" data-gallery=\"1\" data-ajax=\"\"><!-- The Grid item #1 --><article class=\"tg-item tg-post-24236 alofi\" data-row=\"1\" data-col=\"1\"><div class=\"tg-item-inner\"><div class=\"tg-item-media-holder tg-light\"><div class=\"tg-item-media-inner\"><img loading=\"lazy\" decoding=\"async\" class=\"tg-item-image\" alt=\"\" width=\"1200\" height=\"798\" src=\"https:\/\/www.ianjohnsonphoto.com\/wp-content\/uploads\/2019\/03\/hogberga-gard-lidingo-brollop.jpg\"><\/div><\/div><\/div><\/article><!-- The Grid item #2 --><article class=\"tg-item tg-post-24234 alofi\" data-row=\"1\" data-col=\"1\"><div class=\"tg-item-inner\"><div class=\"tg-item-media-holder tg-light\"><div class=\"tg-item-media-inner\"><img loading=\"lazy\" decoding=\"async\" class=\"tg-item-image\" alt=\"\" width=\"798\" height=\"1200\" src=\"https:\/\/www.ianjohnsonphoto.com\/wp-content\/uploads\/2019\/03\/hogberga-gard-fotograf.jpg\"><\/div><\/div><\/div><\/article><!-- The Grid item #3 --><article class=\"tg-item tg-post-24232 alofi\" data-row=\"1\" data-col=\"1\"><div class=\"tg-item-inner\"><div class=\"tg-item-media-holder tg-light\"><div class=\"tg-item-media-inner\"><img loading=\"lazy\" decoding=\"async\" class=\"tg-item-image\" alt=\"\" width=\"798\" height=\"1200\" src=\"https:\/\/www.ianjohnsonphoto.com\/wp-content\/uploads\/2019\/03\/hogberga-gard-brud-1.jpg\"><\/div><\/div><\/div><\/article><!-- The Grid item #4 --><article class=\"tg-item tg-post-24225 alofi\" data-row=\"1\" data-col=\"1\"><div class=\"tg-item-inner\"><div class=\"tg-item-media-holder tg-light\"><div class=\"tg-item-media-inner\"><img loading=\"lazy\" decoding=\"async\" class=\"tg-item-image\" alt=\"\" width=\"1200\" height=\"798\" src=\"https:\/\/www.ianjohnsonphoto.com\/wp-content\/uploads\/2019\/03\/brollop-stockholm-fotograf-portratt.jpg\"><\/div><\/div><\/div><\/article><!-- The Grid item #5 --><article class=\"tg-item tg-post-24230 alofi\" data-row=\"1\" data-col=\"1\"><div class=\"tg-item-inner\"><div class=\"tg-item-media-holder tg-light\"><div class=\"tg-item-media-inner\"><img loading=\"lazy\" decoding=\"async\" class=\"tg-item-image\" alt=\"\" width=\"1200\" height=\"798\" src=\"https:\/\/www.ianjohnsonphoto.com\/wp-content\/uploads\/2019\/03\/hogberga-gard-brollop.jpg\"><\/div><\/div><\/div><\/article><!-- The Grid item #6 --><article class=\"tg-item tg-post-24231 alofi\" data-row=\"1\" data-col=\"1\"><div class=\"tg-item-inner\"><div class=\"tg-item-media-holder tg-light\"><div class=\"tg-item-media-inner\"><img loading=\"lazy\" decoding=\"async\" class=\"tg-item-image\" alt=\"\" width=\"1200\" height=\"798\" src=\"https:\/\/www.ianjohnsonphoto.com\/wp-content\/uploads\/2019\/03\/hogberga-gard-brollopsplats-stockholm.jpg\"><\/div><\/div><\/div><\/article><!-- The Grid item #7 --><article class=\"tg-item tg-post-24227 alofi\" data-row=\"1\" data-col=\"1\"><div class=\"tg-item-inner\"><div class=\"tg-item-media-holder tg-light\"><div class=\"tg-item-media-inner\"><img loading=\"lazy\" decoding=\"async\" class=\"tg-item-image\" alt=\"\" width=\"798\" height=\"1200\" src=\"https:\/\/www.ianjohnsonphoto.com\/wp-content\/uploads\/2019\/03\/brud-stockholm.jpg\"><\/div><\/div><\/div><\/article><!-- The Grid item #8 --><article class=\"tg-item tg-post-24235 alofi\" data-row=\"1\" data-col=\"1\"><div class=\"tg-item-inner\"><div class=\"tg-item-media-holder tg-light\"><div class=\"tg-item-media-inner\"><img loading=\"lazy\" decoding=\"async\" class=\"tg-item-image\" alt=\"\" width=\"798\" height=\"1200\" src=\"https:\/\/www.ianjohnsonphoto.com\/wp-content\/uploads\/2019\/03\/hogberga-gard-fotogrf.jpg\"><\/div><\/div><\/div><\/article><!-- The Grid item #9 --><article class=\"tg-item tg-post-24228 alofi\" data-row=\"1\" data-col=\"1\"><div class=\"tg-item-inner\"><div class=\"tg-item-media-holder tg-light\"><div class=\"tg-item-media-inner\"><img loading=\"lazy\" decoding=\"async\" class=\"tg-item-image\" alt=\"\" width=\"798\" height=\"1200\" src=\"https:\/\/www.ianjohnsonphoto.com\/wp-content\/uploads\/2019\/03\/fotograf-brollop-hogberga-gard.jpg\"><\/div><\/div><\/div><\/article><!-- The Grid item #10 --><article class=\"tg-item tg-post-24226 alofi\" data-row=\"1\" data-col=\"1\"><div class=\"tg-item-inner\"><div class=\"tg-item-media-holder tg-light\"><div class=\"tg-item-media-inner\"><img loading=\"lazy\" decoding=\"async\" class=\"tg-item-image\" alt=\"\" width=\"798\" height=\"1200\" src=\"https:\/\/www.ianjohnsonphoto.com\/wp-content\/uploads\/2019\/03\/brud-par.jpg\"><\/div><\/div><\/div><\/article><!-- The Grid item #11 --><article class=\"tg-item tg-post-24233 alofi\" data-row=\"1\" data-col=\"1\"><div class=\"tg-item-inner\"><div class=\"tg-item-media-holder tg-light\"><div class=\"tg-item-media-inner\"><img loading=\"lazy\" decoding=\"async\" class=\"tg-item-image\" alt=\"\" width=\"1200\" height=\"798\" src=\"https:\/\/www.ianjohnsonphoto.com\/wp-content\/uploads\/2019\/03\/hogberga-gard-ceremony.jpg\"><\/div><\/div><\/div><\/article><!-- The Grid item #12 --><article class=\"tg-item tg-post-24237 alofi\" data-row=\"1\" data-col=\"1\"><div class=\"tg-item-inner\"><div class=\"tg-item-media-holder tg-light\"><div class=\"tg-item-media-inner\"><img loading=\"lazy\" decoding=\"async\" class=\"tg-item-image\" alt=\"\" width=\"1200\" height=\"798\" src=\"https:\/\/www.ianjohnsonphoto.com\/wp-content\/uploads\/2019\/03\/hogberga-gard-puss.jpg\"><\/div><\/div><\/div><\/article><!-- The Grid item #13 --><article class=\"tg-item tg-post-24238 alofi\" data-row=\"1\" data-col=\"1\"><div class=\"tg-item-inner\"><div class=\"tg-item-media-holder tg-light\"><div class=\"tg-item-media-inner\"><img loading=\"lazy\" decoding=\"async\" class=\"tg-item-image\" alt=\"\" width=\"798\" height=\"1200\" src=\"https:\/\/www.ianjohnsonphoto.com\/wp-content\/uploads\/2019\/03\/i-hogberga-gard.jpg\"><\/div><\/div><\/div><\/article><!-- The Grid item #14 --><article class=\"tg-item tg-post-24229 alofi\" data-row=\"1\" data-col=\"1\"><div class=\"tg-item-inner\"><div class=\"tg-item-media-holder tg-light\"><div class=\"tg-item-media-inner\"><img loading=\"lazy\" decoding=\"async\" class=\"tg-item-image\" alt=\"\" width=\"798\" height=\"1200\" src=\"https:\/\/www.ianjohnsonphoto.com\/wp-content\/uploads\/2019\/03\/fotograf-portratt-stockholm-brollop.jpg\"><\/div><\/div><\/div><\/article><!-- The Grid item #15 --><article class=\"tg-item tg-post-24239 alofi\" data-row=\"1\" data-col=\"1\"><div class=\"tg-item-inner\"><div class=\"tg-item-media-holder tg-light\"><div class=\"tg-item-media-inner\"><img loading=\"lazy\" decoding=\"async\" class=\"tg-item-image\" alt=\"\" width=\"1200\" height=\"798\" src=\"https:\/\/www.ianjohnsonphoto.com\/wp-content\/uploads\/2019\/03\/portratt-fotografering-hogbega-gard-stockholm.jpg\"><\/div><\/div><\/div><\/article><\/div><!-- The Grid Area Left --><div class=\"tg-grid-area-left\"><div class=\"tg-grid-area-inner\"><div class=\"tg-grid-area-wrapper\"><div class=\"tg-left-arrow tg-nav-color tg-nav-font\"><i class=\"tg-icon-left-arrow tg-nav-color tg-nav-border tg-nav-font\"><\/i><\/div><\/div><\/div><\/div><!-- The Grid Area Right --><div class=\"tg-grid-area-right\"><div class=\"tg-grid-area-inner\"><div class=\"tg-grid-area-wrapper\"><div class=\"tg-right-arrow tg-nav-color tg-nav-font\"><i class=\"tg-icon-right-arrow tg-nav-color tg-nav-border tg-nav-font\"><\/i><\/div><\/div><\/div><\/div><\/div><!-- The Grid Slider Wrapper End --><\/div><!-- The Grid Wrapper End -->[\/et_pb_code][\/et_pb_column][\/et_pb_row][\/et_pb_section][et_pb_section fb_built=&#8221;1&#8243; _builder_version=&#8221;3.19.4&#8243; custom_padding=&#8221;0|0px|3px|0px|false|false&#8221;][et_pb_row custom_padding=&#8221;0|0px|7px|0px|false|false&#8221; _builder_version=&#8221;3.19.4&#8243;][et_pb_column type=&#8221;4_4&#8243; _builder_version=&#8221;3.19.4&#8243; parallax=&#8221;off&#8221; parallax_method=&#8221;on&#8221;][\/et_pb_column][\/et_pb_row][\/et_pb_section][et_pb_section fb_built=&#8221;1&#8243; admin_label=&#8221;section&#8221; _builder_version=&#8221;3.0.47&#8243; custom_padding=&#8221;4px|0px|0|0px|false|false&#8221;][et_pb_row custom_padding=&#8221;29px|0px|0|0px|false|false&#8221; admin_label=&#8221;row&#8221; _builder_version=&#8221;3.0.48&#8243; background_size=&#8221;initial&#8221; background_position=&#8221;top_left&#8221; background_repeat=&#8221;repeat&#8221;][et_pb_column type=&#8221;4_4&#8243; _builder_version=&#8221;3.0.47&#8243; parallax=&#8221;off&#8221; parallax_method=&#8221;on&#8221;][et_pb_gallery gallery_ids=&#8221;24239,24237,24233,24225&#8243; fullwidth=&#8221;on&#8221; _builder_version=&#8221;3.19.4&#8243; box_shadow_style=&#8221;preset2&#8243; animation_style=&#8221;slide&#8221; auto=&#8221;on&#8221; auto_speed=&#8221;3000&#8243;][\/et_pb_gallery][et_pb_text admin_label=&#8221;Text&#8221; _builder_version=&#8221;3.19.4&#8243; background_size=&#8221;initial&#8221; background_position=&#8221;top_left&#8221; background_repeat=&#8221;repeat&#8221;]<\/p>\n<h2>H\u00f6gberga G\u00e5rd Br\u00f6llop Wedding<\/h2>\n<p><span>A wedding at H\u00f6gberga G\u00e5rd, a wedding venue above the sea it combines a gorgeous setting inspired and just class. They can accommodate everything from large wedding celebrations for up to 150 guests. A perfect venue for international guests wanting to see more of Stockholm<\/span><\/p>\n<p><span><a href=\"http:\/\/www.ianjohnsonphoto.com\/\"><strong>H\u00f6gberga G\u00e5rd<\/strong><\/a>&nbsp;is also a perfect place for a rainy wedding. I won my Nikon Best photographer award there, the efficient staff coped wonderfully at H\u00f6gberga handing out umbrellas immediately, and I saw a great opportunity to photograph a memorable photo.&nbsp; &nbsp;They also have one of my fave places to take wedding photographs in Stockholm an arch with a yellow background.&nbsp;<\/span><\/p>\n<p><span style=\"font-family: arial; font-size: xx-small;\">Stockholm Wedding Photographer<\/span><\/p>\n<p>&nbsp;<\/p>\n<p class=\"p1\"><span class=\"s1\"><span>For more Wedding photos and ideas &nbsp;<a href=\"https:\/\/www.ianjohnsonphoto.com\/blog\/wedding-photographer-ian-johnson\/\">click here<\/a><\/span><\/span><\/p>\n<p>[\/et_pb_text][\/et_pb_column][\/et_pb_row][et_pb_row _builder_version=&#8221;3.19.4&#8243;][et_pb_column type=&#8221;4_4&#8243; _builder_version=&#8221;3.19.4&#8243; parallax=&#8221;off&#8221; parallax_method=&#8221;on&#8221;][et_pb_gallery gallery_ids=&#8221;24230&#8243; fullwidth=&#8221;on&#8221; _builder_version=&#8221;3.19.4&#8243; border_width_all=&#8221;1px&#8221; box_shadow_style=&#8221;preset2&#8243;][\/et_pb_gallery][\/et_pb_column][\/et_pb_row][et_pb_row custom_padding=&#8221;27px|0px|112px|0px|false|false&#8221; _builder_version=&#8221;3.19.4&#8243;][et_pb_column type=&#8221;4_4&#8243; _builder_version=&#8221;3.19.4&#8243; parallax=&#8221;off&#8221; parallax_method=&#8221;on&#8221;][et_pb_cta title=&#8221;CONTACT ME &#8221; button_url=&#8221;https:\/\/www.ianjohnsonphoto.com\/blog\/contact\/&#8221; button_text=&#8221;Click Here&#8221; _builder_version=&#8221;3.19.4&#8243;]<\/p>\n<p style=\"text-align: center;\"><strong>Can I help you with your wedding photography?&nbsp; Or do you have a question about a venue or photo?<\/strong><\/p>\n<p style=\"text-align: center;\"><strong>Or contact me directly at&nbsp; &nbsp; &nbsp; &nbsp; &nbsp; &nbsp; &nbsp; &nbsp; &nbsp; ianjohnsonphoto@gmail.com<\/strong><\/p>\n<p>[\/et_pb_cta][\/et_pb_column][\/et_pb_row][\/et_pb_section]<\/p>\n","protected":false},"excerpt":{"rendered":"<p>[et_pb_section fb_built=&#8221;1&#8243; _builder_version=&#8221;3.19.4&#8243; custom_padding=&#8221;3px|0px|6px|0px|false|false&#8221;][et_pb_row custom_padding=&#8221;27px|0px|8px|0px|false|false&#8221; _builder_version=&#8221;3.19.4&#8243;][et_pb_column type=&#8221;4_4&#8243; _builder_version=&#8221;3.19.4&#8243; parallax=&#8221;off&#8221; parallax_method=&#8221;on&#8221;][et_pb_text _builder_version=&#8221;3.19.4&#8243;] H\u00f6gberga G\u00e5rd Br\u00f6llop\u00a0 [\/et_pb_text][\/et_pb_column][\/et_pb_row][\/et_pb_section][et_pb_section fb_built=&#8221;1&#8243; _builder_version=&#8221;3.19.4&#8243; custom_padding=&#8221;0|0|0|0px|false|false&#8221;][et_pb_row custom_padding=&#8221;0|0px|0|0px|false|false&#8221; _builder_version=&#8221;3.19.4&#8243;][et_pb_column type=&#8221;4_4&#8243; _builder_version=&#8221;3.19.4&#8243; parallax=&#8221;off&#8221; parallax_method=&#8221;on&#8221;][et_pb_code _builder_version=&#8221;3.19.4&#8243;][\/et_pb_code][\/et_pb_column][\/et_pb_row][\/et_pb_section][et_pb_section fb_built=&#8221;1&#8243; _builder_version=&#8221;3.19.4&#8243; custom_padding=&#8221;0|0px|3px|0px|false|false&#8221;][et_pb_row custom_padding=&#8221;0|0px|7px|0px|false|false&#8221; _builder_version=&#8221;3.19.4&#8243;][et_pb_column type=&#8221;4_4&#8243; _builder_version=&#8221;3.19.4&#8243; parallax=&#8221;off&#8221; parallax_method=&#8221;on&#8221;][\/et_pb_column][\/et_pb_row][\/et_pb_section][et_pb_section fb_built=&#8221;1&#8243; admin_label=&#8221;section&#8221; _builder_version=&#8221;3.0.47&#8243; custom_padding=&#8221;4px|0px|0|0px|false|false&#8221;][et_pb_row custom_padding=&#8221;29px|0px|0|0px|false|false&#8221; admin_label=&#8221;row&#8221; _builder_version=&#8221;3.0.48&#8243; background_size=&#8221;initial&#8221; background_position=&#8221;top_left&#8221; background_repeat=&#8221;repeat&#8221;][et_pb_column type=&#8221;4_4&#8243; _builder_version=&#8221;3.0.47&#8243; parallax=&#8221;off&#8221; parallax_method=&#8221;on&#8221;][et_pb_gallery gallery_ids=&#8221;24239,24237,24233,24225&#8243; fullwidth=&#8221;on&#8221; _builder_version=&#8221;3.19.4&#8243; box_shadow_style=&#8221;preset2&#8243; animation_style=&#8221;slide&#8221; auto=&#8221;on&#8221; auto_speed=&#8221;3000&#8243;][\/et_pb_gallery][et_pb_text [&hellip;]<\/p>\n","protected":false},"author":1,"featured_media":0,"parent":0,"menu_order":0,"comment_status":"closed","ping_status":"closed","template":"","meta":{"_et_pb_use_builder":"on","_et_pb_old_content":"","_et_gb_content_width":"","_exactmetrics_skip_tracking":false,"_exactmetrics_sitenote_active":false,"_exactmetrics_sitenote_note":"","_exactmetrics_sitenote_category":0,"footnotes":""},"class_list":["post-24240","page","type-page","status-publish","hentry"],"aioseo_notices":[],"_links":{"self":[{"href":"https:\/\/www.ianjohnsonphoto.com\/blog\/wp-json\/wp\/v2\/pages\/24240","targetHints":{"allow":["GET"]}}],"collection":[{"href":"https:\/\/www.ianjohnsonphoto.com\/blog\/wp-json\/wp\/v2\/pages"}],"about":[{"href":"https:\/\/www.ianjohnsonphoto.com\/blog\/wp-json\/wp\/v2\/types\/page"}],"author":[{"embeddable":true,"href":"https:\/\/www.ianjohnsonphoto.com\/blog\/wp-json\/wp\/v2\/users\/1"}],"replies":[{"embeddable":true,"href":"https:\/\/www.ianjohnsonphoto.com\/blog\/wp-json\/wp\/v2\/comments?post=24240"}],"version-history":[{"count":7,"href":"https:\/\/www.ianjohnsonphoto.com\/blog\/wp-json\/wp\/v2\/pages\/24240\/revisions"}],"predecessor-version":[{"id":24856,"href":"https:\/\/www.ianjohnsonphoto.com\/blog\/wp-json\/wp\/v2\/pages\/24240\/revisions\/24856"}],"wp:attachment":[{"href":"https:\/\/www.ianjohnsonphoto.com\/blog\/wp-json\/wp\/v2\/media?parent=24240"}],"curies":[{"name":"wp","href":"https:\/\/api.w.org\/{rel}","templated":true}]}}