{"id":21949,"date":"2018-02-03T05:54:04","date_gmt":"2018-02-03T09:54:04","guid":{"rendered":"http:\/\/www.ianjohnsonphoto.com\/blog\/?page_id=21949"},"modified":"2020-06-26T10:30:40","modified_gmt":"2020-06-26T14:30:40","slug":"stockholm-wedding-venues","status":"publish","type":"page","link":"https:\/\/www.ianjohnsonphoto.com\/blog\/stockholm-wedding-venues\/","title":{"rendered":"Stockholm Wedding Venues"},"content":{"rendered":"<p>[et_pb_section fb_built=&#8221;1&#8243; fullwidth=&#8221;on&#8221; _builder_version=&#8221;3.19.4&#8243;][et_pb_fullwidth_slider _builder_version=&#8221;3.19.4&#8243;][et_pb_slide heading=&#8221;Stockholm Wedding Venue&#8221; button_text=&#8221;Click Here&#8221; button_link=&#8221;https:\/\/www.ianjohnsonphoto.com\/blog\/destination-wedding-venues-and-photographer\/&#8221; _builder_version=&#8221;3.19.4&#8243; background_image=&#8221;https:\/\/www.ianjohnsonphoto.com\/blog\/wp-content\/uploads\/2019\/02\/stockholm-cool-wedding-studio-venue.jpg&#8221;]<\/p>\n<p>The Photo Studio<\/p>\n<p>[\/et_pb_slide][\/et_pb_fullwidth_slider][\/et_pb_section][et_pb_section fb_built=&#8221;1&#8243; _builder_version=&#8221;3.19.4&#8243;][et_pb_row _builder_version=&#8221;3.19.4&#8243;][et_pb_column type=&#8221;4_4&#8243; _builder_version=&#8221;3.19.4&#8243; parallax=&#8221;off&#8221; parallax_method=&#8221;on&#8221;][et_pb_text _builder_version=&#8221;3.19.4&#8243;]<\/p>\n<h1 style=\"text-align: center;\"><strong>&nbsp;Stockholm Wedding Venues&nbsp;<\/strong><\/h1>\n<p class=\"p1\"><span class=\"s1\">When you are a <span style=\"color: #333333;\"><a href=\"https:\/\/www.ianjohnsonphoto.com\/blog\/wedding-photographer-ian-johnson\/\" title=\"Wedding Photographer Ian Johnson\" style=\"color: #333333;\">wedding photographer<\/a><\/span> you have the opportunity to travel to mesmerizing places. Being such for over twenty years, I don\u2019t simply love it, but I am rather devoted to it. I want to share some of my favorite&nbsp;venues around Stockholm. Apart from many <a href=\"https:\/\/www.ianjohnsonphoto.com\/blog\/destination-wedding-venues-and-photographer\/\" title=\"Destination wedding photographer\">destination weddings venues<\/a>&nbsp;Stockholm wedding venues are right up there. I have photographed in&nbsp;the most are London, Los Angeles, and Stockholm. So I will show most from <g class=\"gr_ gr_820 gr-alert gr_spell gr_inline_cards gr_run_anim ContextualSpelling ins-del\" id=\"820\" data-gr-id=\"820\">them<\/g> venues.&nbsp;<\/span><span class=\"s1\">While there are lots of top wedding venues all across Stockholm here are my top picks. <\/span><\/p>\n<p>[\/et_pb_text][\/et_pb_column][\/et_pb_row][\/et_pb_section][et_pb_section fb_built=&#8221;1&#8243; _builder_version=&#8221;3.19.4&#8243;][et_pb_row _builder_version=&#8221;3.19.4&#8243;][et_pb_column type=&#8221;4_4&#8243; _builder_version=&#8221;3.19.4&#8243; parallax=&#8221;off&#8221; parallax_method=&#8221;on&#8221;][et_pb_gallery gallery_ids=&#8221;4247,1022,23747,23748&#8243; fullwidth=&#8221;on&#8221; _builder_version=&#8221;3.19.4&#8243; border_width_all=&#8221;1px&#8221; border_color_all=&#8221;#000000&#8243; box_shadow_style=&#8221;preset1&#8243; auto=&#8221;on&#8221; auto_speed=&#8221;2000&#8243;][\/et_pb_gallery][\/et_pb_column][\/et_pb_row][\/et_pb_section][et_pb_section fb_built=&#8221;1&#8243; _builder_version=&#8221;3.19.4&#8243;][et_pb_row _builder_version=&#8221;3.19.4&#8243;][et_pb_column type=&#8221;1_2&#8243; _builder_version=&#8221;3.19.4&#8243; parallax=&#8221;off&#8221; parallax_method=&#8221;on&#8221;][et_pb_image src=&#8221;https:\/\/www.ianjohnsonphoto.com\/blog\/wp-content\/uploads\/2011\/01\/ice-hotel.jpg&#8221; url=&#8221;https:\/\/www.ianjohnsonphoto.com\/blog\/ice-hotel-sweden-wedding\/&#8221; _builder_version=&#8221;3.19.4&#8243;][\/et_pb_image][\/et_pb_column][et_pb_column type=&#8221;1_2&#8243; _builder_version=&#8221;3.19.4&#8243; parallax=&#8221;off&#8221; parallax_method=&#8221;on&#8221;][et_pb_text _builder_version=&#8221;3.19.4&#8243; link_option_url=&#8221;https:\/\/www.ianjohnsonphoto.com\/blog\/ice-hotel-sweden-wedding\/&#8221;]<\/p>\n<h2>Ice Hotel Wedding Venue<\/h2>\n<p><span>&nbsp;Well, what is a cool wedding venue?&nbsp; OK <g class=\"gr_ gr_11 gr-alert gr_gramm gr_inline_cards gr_run_anim Punctuation only-ins replaceWithoutSep\" id=\"11\" data-gr-id=\"11\">well<\/g> you can certainly say the Ice Hotel is a very cold wedding venue, but so it\u2019s a very cool one.&nbsp; I photographed in photo studios, industrial estates, private homes and back gardens, so there are many very cool wedding venues. Here are a few examples of what you can do with your own wedding and your own wedding ideas, so choosing a place for your wedding ceremony is endless, just let your imagination go wild.<\/span><\/p>\n<p><a href=\"https:\/\/www.ianjohnsonphoto.com\/blog\/ice-hotel-sweden-wedding\/\"><strong>SEE MORE OF THE ICE HOTEL<\/strong><\/a><\/p>\n<p>&nbsp;<\/p>\n<p>[\/et_pb_text][\/et_pb_column][\/et_pb_row][\/et_pb_section][et_pb_section fb_built=&#8221;1&#8243; _builder_version=&#8221;3.19.4&#8243;][et_pb_row _builder_version=&#8221;3.19.4&#8243; link_option_url=&#8221;https:\/\/www.ianjohnsonphoto.com\/blog\/grand-hotel-stockholm-wedding-venue\/&#8221;][et_pb_column type=&#8221;1_2&#8243; _builder_version=&#8221;3.19.4&#8243; parallax=&#8221;off&#8221; parallax_method=&#8221;on&#8221;][et_pb_text _builder_version=&#8221;3.19.4&#8243; link_option_url=&#8221;https:\/\/www.ianjohnsonphoto.com\/blog\/grand-hotel-stockholm-wedding-venue\/&#8221;]<\/p>\n<h2>Grand Hotel Stockholm Wedding Venue<\/h2>\n<p><span> One of the most beautiful places you can have your wedding\u2019s reception in Stockholm is definitely The Grand Hotel Stockholm. Being right in the heart of the Capital of Sweden, it is the perfect place, where you can gather your family and friends and celebrate your love with true luxury, which presents a truly grand experience. Not only is the staff extremely helpful and able to organize anything you would need for your wedding, but the setting with its boutique personal touch is mesmerizing.<\/span><\/p>\n<p><a href=\"https:\/\/www.ianjohnsonphoto.com\/blog\/grand-hotel-stockholm-wedding-venue\/\"><strong>READ MORE<\/strong><\/a><\/p>\n<p>[\/et_pb_text][\/et_pb_column][et_pb_column type=&#8221;1_2&#8243; _builder_version=&#8221;3.19.4&#8243; parallax=&#8221;off&#8221; parallax_method=&#8221;on&#8221;][et_pb_image src=&#8221;https:\/\/www.ianjohnsonphoto.com\/blog\/wp-content\/uploads\/2019\/02\/stunning-grand-hotel-stockholm.jpg&#8221; url=&#8221;https:\/\/www.ianjohnsonphoto.com\/blog\/grand-hotel-stockholm-wedding-venue\/&#8221; _builder_version=&#8221;3.19.4&#8243;][\/et_pb_image][\/et_pb_column][\/et_pb_row][\/et_pb_section][et_pb_section fb_built=&#8221;1&#8243; _builder_version=&#8221;3.19.4&#8243;][et_pb_row _builder_version=&#8221;3.19.4&#8243;][et_pb_column type=&#8221;1_2&#8243; _builder_version=&#8221;3.19.4&#8243; parallax=&#8221;off&#8221; parallax_method=&#8221;on&#8221;][et_pb_image src=&#8221;https:\/\/www.ianjohnsonphoto.com\/blog\/wp-content\/uploads\/2019\/03\/hogberga-gard-lidingo-brollop.jpg&#8221; url=&#8221;https:\/\/www.ianjohnsonphoto.com\/blog\/hogberga-gard-brollop-2\/&#8221; _builder_version=&#8221;3.19.4&#8243;][\/et_pb_image][\/et_pb_column][et_pb_column type=&#8221;1_2&#8243; _builder_version=&#8221;3.19.4&#8243; parallax=&#8221;off&#8221; parallax_method=&#8221;on&#8221;][et_pb_text _builder_version=&#8221;3.19.4&#8243; link_option_url=&#8221;https:\/\/www.ianjohnsonphoto.com\/blog\/hogberga-gard-brollop-2\/&#8221;]<\/p>\n<h2>H\u00f6gberga G\u00e5rd Br\u00f6llop<\/h2>\n<p><span>A wedding at H\u00f6gberga G\u00e5rd, a wedding venue above the sea it combines a gorgeous setting inspired and just class. They can accommodate everything from large wedding celebrations for up to 150 guests. A perfect venue for international guests wanting to see more of Stockholm<\/span><\/p>\n<p>&nbsp;<\/p>\n<p><a href=\"https:\/\/www.ianjohnsonphoto.com\/blog\/hogberga-gard-brollop-2\/\"><strong>READ MORE<\/strong><\/a><\/p>\n<p>[\/et_pb_text][\/et_pb_column][\/et_pb_row][\/et_pb_section][et_pb_section fb_built=&#8221;1&#8243; fullwidth=&#8221;on&#8221; _builder_version=&#8221;3.19.4&#8243;][et_pb_fullwidth_slider _builder_version=&#8221;3.19.4&#8243;][et_pb_slide heading=&#8221;Cool Sweden Venues&#8221; button_text=&#8221;Click Here&#8221; _builder_version=&#8221;3.19.4&#8243; background_image=&#8221;https:\/\/www.ianjohnsonphoto.com\/blog\/wp-content\/uploads\/2019\/02\/stockholm-cool-wedding-studio-venue.jpg&#8221;]<\/p>\n<p>Photo Studio<\/p>\n<p>[\/et_pb_slide][\/et_pb_fullwidth_slider][\/et_pb_section][et_pb_section fb_built=&#8221;1&#8243; _builder_version=&#8221;3.19.4&#8243;][et_pb_row _builder_version=&#8221;3.19.4&#8243;][et_pb_column type=&#8221;4_4&#8243; _builder_version=&#8221;3.19.4&#8243; parallax=&#8221;off&#8221; parallax_method=&#8221;on&#8221;][et_pb_text _builder_version=&#8221;3.19.4&#8243;]<\/p>\n<p style=\"text-align: center;\"><strong>What do you need to know about Stockholm Wedding Venues<\/strong><\/p>\n<p class=\"p1\"><span class=\"s1\"><b>Top Reasons to Have a Stockholm Wedding as Told by a Stockholm Wedding Photographer<\/b><\/span><\/p>\n<p class=\"p2\"><span class=\"s1\">Being a destination wedding photographer for over 20 years I\u2019ve captured beautiful and mesmerizing moments from the lives of hundreds of couples. Even though saying \u201cI do\u201d somewhere gorgeous and unique might be a reason enough to plan a destination wedding, in my experience, there are hundreds of benefits to doing so, which are not necessarily connected to photography. <\/span><\/p>\n<p class=\"p1\"><span class=\"s1\"><b>Stand Out from the Pack<\/b><\/span><\/p>\n<p class=\"p2\"><span class=\"s1\">Your love is unique and your wedding should state that. Mixing tradition and creativity will make your wedding unique. However, if you truly want to stand out from the pack, you can\u2019t book the same hometown venues your friends are booking. Having a destination wedding will truly be a once-in-a-lifetime experience, both for you and your guests. <\/span><\/p>\n<p class=\"p1\"><span class=\"s1\"><b>A Seamless Experience<\/b><\/span><\/p>\n<p class=\"p2\"><span class=\"s1\">Planning a wedding can be a tough task. You have to take care of almost everything. Even if you hire a wedding planner, you will definitely stress out, whilst fixing up all the little details. While it is arguably, the destination wedding planning is a seamless experience. As you have the option to have the wedding of your dreams, all you have to do is choose a spot that matches your desires, hire a destination wedding photographer and tell your guests. Destination wedding venues are always prepared and have professional and experienced staff and are able to tailor your wedding just like you imagine it. <\/span><\/p>\n<p class=\"p1\"><span class=\"s1\"><b>An Affordable Option<\/b><\/span><\/p>\n<p class=\"p2\"><span class=\"s1\">Sometimes having a destination wedding can be a far more affordable option. Depending on the country of your choice, you might be able to have a far bigger wedding at a more beautiful and mesmerizing destination, than you are able to do in your hometown. Furthermore, most hotels offer special packages and discounts, depending on the number of guests. Everything you need to do is a little research. <\/span><\/p>\n<p class=\"p1\"><span class=\"s1\"><b>Endless Possibilities<\/b><\/span><\/p>\n<p class=\"p2\"><span class=\"s1\">If you want to do a close-circle wedding, a destination wedding is a great excuse to limit the guests\u2019 lists. Moreover, while a standard wedding lasts an average of five to six hours, a destination wedding usually spans to a minimum of three days, which lets you enjoy quality time with your loved ones. Your guests will also be able to enjoy a perfect vacation and at the end of the day, you can even start your honeymoon early. The possibilities are endless. <\/span><\/p>\n<p class=\"p1\"><span class=\"s1\"><b>Destination Wedding Photographers<\/b><\/span><\/p>\n<p class=\"p2\"><span class=\"s1\">The reasons to have a destination wedding are numerous. Being a destination wedding photographer, from the moment you book me, you can rest assured that I will do extensive research about your desired location, including the hotels, where the wedding ceremony will be and if I need any permits to photograph there. Destination wedding photography requires the right creative edge to make the most out of the spot and the moment of your dreams. Thus, once you choose your desired place, make sure to check in with your destination wedding photographer and give him all the details possible, so the uniqueness of your moment can be truly captured for a lifetime. <\/span><\/p>\n<p>[\/et_pb_text][\/et_pb_column][\/et_pb_row][\/et_pb_section]<\/p>\n","protected":false},"excerpt":{"rendered":"<p>[et_pb_section fb_built=&#8221;1&#8243; fullwidth=&#8221;on&#8221; _builder_version=&#8221;3.19.4&#8243;][et_pb_fullwidth_slider _builder_version=&#8221;3.19.4&#8243;][et_pb_slide heading=&#8221;Stockholm Wedding Venue&#8221; button_text=&#8221;Click Here&#8221; button_link=&#8221;https:\/\/www.ianjohnsonphoto.com\/blog\/destination-wedding-venues-and-photographer\/&#8221; _builder_version=&#8221;3.19.4&#8243; background_image=&#8221;https:\/\/www.ianjohnsonphoto.com\/blog\/wp-content\/uploads\/2019\/02\/stockholm-cool-wedding-studio-venue.jpg&#8221;] The Photo Studio [\/et_pb_slide][\/et_pb_fullwidth_slider][\/et_pb_section][et_pb_section fb_built=&#8221;1&#8243; _builder_version=&#8221;3.19.4&#8243;][et_pb_row _builder_version=&#8221;3.19.4&#8243;][et_pb_column type=&#8221;4_4&#8243; _builder_version=&#8221;3.19.4&#8243; parallax=&#8221;off&#8221; parallax_method=&#8221;on&#8221;][et_pb_text _builder_version=&#8221;3.19.4&#8243;] &nbsp;Stockholm Wedding Venues&nbsp; When you are a wedding photographer you have the opportunity to travel to mesmerizing places. Being such for over twenty years, I don\u2019t simply love it, but [&hellip;]<\/p>\n","protected":false},"author":1,"featured_media":0,"parent":0,"menu_order":0,"comment_status":"closed","ping_status":"closed","template":"","meta":{"_et_pb_use_builder":"on","_et_pb_old_content":"[vc_row row_type=\"row\" use_row_as_full_screen_section=\"no\" type=\"full_width\" text_align=\"left\" css_animation=\"\"][vc_column][vc_column_text]STOCKHOLM WEDDING VENUES :<span style=\"color: #000000;\">\u00a0Grand Hotel Stockholm<\/span>[\/vc_column_text][vc_single_image image=\"21767\" img_size=\"full\" alignment=\"center\" qode_css_animation=\"\"][vc_column_text]\r\n<h3>Wedding Venues London<\/h3>\r\nclassy Eltham palace Wedding Venues London classy Onegreat george street Wedding Venues London classy Coworth Park Wedding Venues London classy Syon palace Wedding Venues London chic Eltham palace Wedding Venues London chic Onegreat george street Wedding Venues London chic Coworth Park Wedding Venues London chic Syon palace Wedding Venues London modern Eltham palace Wedding Venues London modern Onegreat george street Wedding Venues London modern Coworth Park Wedding Venues London modern Syon palace Best Venues classy Eltham palace Best Venues classy Onegreat george street Best Venues classy Coworth Park Best Venues classy Syon palace Best Venues chic Eltham palace Best Venues chic Onegreat george street Best Venues chic Coworth Park Best Venues chic Syon palace Best Venues modern Eltham palace Best Venues modern Onegreat george street Best Venues modern Coworth Park Best Venues modern Syon palace Top Venues classy Eltham palace Top Venues classy Onegreat george street Top Venues classy Coworth Park Top Venues classy Syon palace Top Venues chic Eltham palace Top Venues chic Onegreat george street Top Venues chic Coworth Park Top Venues chic Syon palace Top Venues modern Eltham palace Top Venues modern Onegreat george street Top Venues modern Coworth Park Top Venues modern Syon palace\r\n\r\n<strong>Look at these wedding venue photos<\/strong>[\/vc_column_text][vc_gallery type=\"flexslider_slide\" interval=\"3\" images=\"21682,21681,21680\" img_size=\"large\"][qbutton size=\"big_large_full_width\" target=\"_self\" font_weight=\"700\" text=\" SEE MORE AMAZING by CLICKING HERE\" link=\"www.ianjohnsonphoto.com\" margin=\"20px\" border_radius=\"20px\"][vc_text_separator title=\"Our Next Venue\"][\/vc_column][\/vc_row][vc_row row_type=\"row\" use_row_as_full_screen_section=\"no\" type=\"full_width\" text_align=\"left\" css_animation=\"\"][vc_column][vc_column_text]<span style=\"color: #000000;\">UK WEDDING <\/span>VENUE :<span style=\"color: #000000;\">\u00a0 \u00a0Eltham Palace<\/span>[\/vc_column_text][vc_single_image image=\"21862\" img_size=\"full\" alignment=\"center\" qode_css_animation=\"\"][vc_column_text]\r\n<h3>Wedding Venues London<\/h3>\r\nclassy Eltham palace Wedding Venues London classy Onegreat george street Wedding Venues London classy Coworth Park Wedding Venues London classy Syon palace Wedding Venues London chic Eltham palace Wedding Venues London chic Onegreat george street Wedding Venues London chic Coworth Park Wedding Venues London chic Syon palace Wedding Venues London modern Eltham palace Wedding Venues London modern Onegreat george street Wedding Venues London modern Coworth Park Wedding Venues London modern Syon palace Best Venues classy Eltham palace Best Venues classy Onegreat george street Best Venues classy Coworth Park Best Venues classy Syon palace Best Venues chic Eltham palace Best Venues chic Onegreat george street Best Venues chic Coworth Park Best Venues chic Syon palace Best Venues modern Eltham palace Best Venues modern Onegreat george street Best Venues modern Coworth Park Best Venues modern Syon palace Top Venues classy Eltham palace Top Venues classy Onegreat george street Top Venues classy Coworth Park Top Venues classy Syon palace Top Venues chic Eltham palace Top Venues chic Onegreat george street Top Venues chic Coworth Park Top Venues chic Syon palace Top Venues modern Eltham palace Top Venues modern Onegreat george street Top Venues modern Coworth Park Top Venues modern Syon palace\r\n\r\n<strong>Look at these wedding venue photos<\/strong>[\/vc_column_text][vc_gallery type=\"flexslider_slide\" interval=\"3\" images=\"21682,21681,21680\" img_size=\"large\"][qbutton size=\"big_large_full_width\" target=\"_self\" font_weight=\"700\" text=\" SEE MORE AMAZING by CLICKING HERE\" link=\"www.ianjohnsonphoto.com\" margin=\"20px\" border_radius=\"20px\"][vc_text_separator title=\"Our Next Venue\"][\/vc_column][\/vc_row]","_et_gb_content_width":"","_exactmetrics_skip_tracking":false,"_exactmetrics_sitenote_active":false,"_exactmetrics_sitenote_note":"","_exactmetrics_sitenote_category":0,"footnotes":""},"class_list":["post-21949","page","type-page","status-publish","hentry"],"aioseo_notices":[],"_links":{"self":[{"href":"https:\/\/www.ianjohnsonphoto.com\/blog\/wp-json\/wp\/v2\/pages\/21949","targetHints":{"allow":["GET"]}}],"collection":[{"href":"https:\/\/www.ianjohnsonphoto.com\/blog\/wp-json\/wp\/v2\/pages"}],"about":[{"href":"https:\/\/www.ianjohnsonphoto.com\/blog\/wp-json\/wp\/v2\/types\/page"}],"author":[{"embeddable":true,"href":"https:\/\/www.ianjohnsonphoto.com\/blog\/wp-json\/wp\/v2\/users\/1"}],"replies":[{"embeddable":true,"href":"https:\/\/www.ianjohnsonphoto.com\/blog\/wp-json\/wp\/v2\/comments?post=21949"}],"version-history":[{"count":18,"href":"https:\/\/www.ianjohnsonphoto.com\/blog\/wp-json\/wp\/v2\/pages\/21949\/revisions"}],"predecessor-version":[{"id":24888,"href":"https:\/\/www.ianjohnsonphoto.com\/blog\/wp-json\/wp\/v2\/pages\/21949\/revisions\/24888"}],"wp:attachment":[{"href":"https:\/\/www.ianjohnsonphoto.com\/blog\/wp-json\/wp\/v2\/media?parent=21949"}],"curies":[{"name":"wp","href":"https:\/\/api.w.org\/{rel}","templated":true}]}}